{"id":75908,"date":"2026-03-05T09:46:18","date_gmt":"2026-03-05T08:46:18","guid":{"rendered":"https:\/\/granpremiomuelasdelpan.clubciclistacadalsa.es\/?page_id=75908"},"modified":"2026-03-07T11:07:49","modified_gmt":"2026-03-07T10:07:49","slug":"autoridades","status":"publish","type":"page","link":"https:\/\/granpremiomuelasdelpan.clubciclistacadalsa.es\/index.php\/autoridades\/","title":{"rendered":"Autoridades"},"content":{"rendered":"\t\t<div data-elementor-type=\"wp-page\" data-elementor-id=\"75908\" class=\"elementor elementor-75908\">\n\t\t\t\t\t\t<section class=\"elementor-section elementor-top-section elementor-element elementor-element-8460ee6 elementor-section-boxed elementor-section-height-default elementor-section-height-default\" data-id=\"8460ee6\" data-element_type=\"section\">\n\t\t\t\t\t\t<div class=\"elementor-container elementor-column-gap-default\">\n\t\t\t\t\t<div class=\" elementor-column elementor-col-100 elementor-top-column elementor-element elementor-element-cd0a31a\" data-fullscreen-column-settings=\"{&quot;fullscreen&quot;:&quot;&quot;}\" data-id=\"cd0a31a\" data-element_type=\"column\">\n\t\t\t<div class=\"elementor-widget-wrap elementor-element-populated\">\n\t\t\t\t\t\t<div class=\"elementor-element elementor-element-88dad50 elementor-widget elementor-widget-litho-heading\" data-id=\"88dad50\" data-element_type=\"widget\" data-widget_type=\"litho-heading.default\">\n\t\t\t\t<div class=\"elementor-widget-container\">\n\t\t\t\t\t<h4 class=\"litho-heading elementor-size-default\"><span class=\"litho-primary-title\">Autoridades<\/span><\/h4>\t\t\t\t<\/div>\n\t\t\t\t<\/div>\n\t\t\t\t\t<\/div>\n\t\t<\/div>\n\t\t\t\t\t<\/div>\n\t\t<\/section>\n\t\t\t\t<section class=\"elementor-section elementor-top-section elementor-element elementor-element-14444f6 elementor-section-boxed elementor-section-height-default elementor-section-height-default\" data-id=\"14444f6\" data-element_type=\"section\">\n\t\t\t\t\t\t<div class=\"elementor-container elementor-column-gap-default\">\n\t\t\t\t\t<div class=\" elementor-column elementor-col-100 elementor-top-column elementor-element elementor-element-6370c8a\" data-fullscreen-column-settings=\"{&quot;fullscreen&quot;:&quot;&quot;}\" data-id=\"6370c8a\" data-element_type=\"column\">\n\t\t\t<div class=\"elementor-widget-wrap elementor-element-populated\">\n\t\t\t\t\t\t<div class=\"elementor-element elementor-element-8826499 elementor-pagination-position-outside elementor-widget elementor-widget-litho-testimonial-carousel\" data-id=\"8826499\" data-element_type=\"widget\" data-settings=\"{&quot;litho_testimonial_carousel_layout_type&quot;:&quot;testimonial-carousel-style-2&quot;}\" data-widget_type=\"litho-testimonial-carousel.default\">\n\t\t\t\t<div class=\"elementor-widget-container\">\n\t\t\t\t\t\t\t\t\n\t\t\t\n\t\t\t<div class=\"elementor-testimonial-carousel-wrapper swiper testimonial-carousel-style-2 \" data-settings=\"{&quot;navigation&quot;:&quot;dots&quot;,&quot;autoplay&quot;:&quot;&quot;,&quot;autoplay_speed&quot;:3000,&quot;pause_on_hover&quot;:&quot;&quot;,&quot;loop&quot;:&quot;yes&quot;,&quot;effect&quot;:&quot;slide&quot;,&quot;speed&quot;:500,&quot;image_spacing&quot;:{&quot;unit&quot;:&quot;px&quot;,&quot;size&quot;:30,&quot;sizes&quot;:[]},&quot;slides_to_show&quot;:&quot;1&quot;,&quot;slides_to_show_mobile&quot;:null,&quot;slides_to_show_tablet&quot;:null,&quot;navigation_dynamic_bullets&quot;:&quot;&quot;,&quot;slides_count&quot;:4}\" data-layout-type=\"testimonial-carousel-style-2\" dir=\"ltr\">\n\t\t\t\t<div class=\"elementor-content-carousel swiper-wrapper\">\n\t\t\t\t\t<div class=\"testimonials-style-2 elementor-repeater-item-e6bcbad swiper-slide\">\n\t\t\t\t\t\t\t\t\t<div class=\"testimonial-wrap\">\t\t\t\t\t\t\t\t\t\t\t\t<img decoding=\"async\" src=\"https:\/\/granpremiomuelasdelpan.clubciclistacadalsa.es\/wp-content\/uploads\/2025\/03\/presidente-dipu.jpg\" alt=\"presidente-dipu\"  srcset=\"https:\/\/granpremiomuelasdelpan.clubciclistacadalsa.es\/wp-content\/uploads\/2025\/03\/presidente-dipu.jpg 464w, https:\/\/granpremiomuelasdelpan.clubciclistacadalsa.es\/wp-content\/uploads\/2025\/03\/presidente-dipu-300x413.jpg 300w, https:\/\/granpremiomuelasdelpan.clubciclistacadalsa.es\/wp-content\/uploads\/2025\/03\/presidente-dipu-218x300.jpg 218w, https:\/\/granpremiomuelasdelpan.clubciclistacadalsa.es\/wp-content\/uploads\/2025\/03\/presidente-dipu-200x275.jpg 200w\" sizes=\"(max-width: 464px) 100vw, 464px\"  class=\"testimonial-image\" \/>\t\t\t\t\t\t\t\t\t\t\t<div class=\"testimonials-content-wrap\"><div class=\"testimonials-rounded-icon\"><i aria-hidden=\"true\" class=\"fa-solid fa-quote-left\"><\/i><\/div><div class=\"testimonial-content\"><p style=\"text-align: left\">El que durante d\u00e9cadas fue conocido como Trofeo San Jos\u00e9 adopt\u00f3 en el a\u00f1o 2025 la denominaci\u00f3n de Trofeo Ayuntamiento de Muelas del Pan, Caja Rural de Zamora, Diputaci\u00f3n de Zamora, fruto del esfuerzo y la colaboraci\u00f3n de estas tres instituciones para garantizar la continuidad de una de las pruebas ciclistas m\u00e1s emblem\u00e1ticas del calendario amateur nacional.<\/p><p style=\"text-align: left\">Este a\u00f1o 2026, la prueba vuelve a celebrarse consolidada bajo esta nueva etapa organizativa, reafirmando su condici\u00f3n de referente del ciclismo aficionado en Espa\u00f1a, con un recorrido que tradicionalmente discurre por el incomparable entorno del embalse de Ricobayo.<\/p><p style=\"text-align: left\">Una competici\u00f3n con una larga y dilata historia que se remonta a 1949. Desde entonces, en el transcurso de m\u00e1s de siete d\u00e9cadas, esta prueba ha sido cantera de grandes campeones ciclistas. Ha contado con vencedores de enorme prestigio, liderados por Miguel Indur\u00e1in, cinco veces ganador del Tour de Francia y dos de Giro de Italia, as\u00ed como Antonio Mart\u00edn Velasco, Jes\u00fas Hern\u00e1ndez \u00dabeda o Julio Jim\u00e9nez, entre otros muchos nombres que forman parte de la memoria hist\u00f3rica del ciclismo espa\u00f1ol.<\/p><p style=\"text-align: left\">La continuidad de esta cl\u00e1sica en el calendario no es fruto de la casualidad, sino del firme compromiso de las instituciones p\u00fablicas y privadas y del apoyo de los aficionados, conscientes del valor deportivo, hist\u00f3rico y social que representa esta prueba para la provincia de Zamora.<\/p><p style=\"text-align: left\">Quiero destacar, una vez m\u00e1s, la colaboraci\u00f3n entre la Diputaci\u00f3n de Zamora, el Ayuntamiento de Muelas del Pan y Caja Rural de Zamora, entidad que vuelve a demostrar su implicaci\u00f3n con el territorio y su respaldo al deporte como herramienta de promoci\u00f3n y cohesi\u00f3n provincial. Juntos demostramos que somos un gran equipo.<\/p><p style=\"text-align: left\">Desde esta privilegiada tribuna que me brinda la organizaci\u00f3n de la prueba, a trav\u00e9s del Club Ciclista Cadalsa, deseo agradecer el trabajo y la dedicaci\u00f3n de todas las personas que, a\u00f1o tras a\u00f1o, hacen posible que esta carrera siga escribiendo nuevas p\u00e1ginas de su historia.<\/p><p style=\"text-align: left\">Animo a todos los aficionados al ciclismo y al deporte en general a que salgan a las carreteras y calles de los pueblos por los que discurrir\u00e1 la serpiente multicolor, y reconozcan el esfuerzo, la ilusi\u00f3n y el sacrificio de estos j\u00f3venes ciclistas que sue\u00f1an con llegar al profesionalismo en un deporte que tantas alegr\u00edas ha dado a nuestro pa\u00eds.<\/p><p style=\"text-align: left\">Mucho \u00e1nimo y enhorabuena<\/p><\/div><span class=\"testimonial-name\">Javier Fa\u00fandez Dom\u00ednguez <\/span><span class=\"testimonial-position\">Presidente de la Diputaci\u00f3n Provincial de Zamora<\/span><\/div>\n\t\t\t\t\t\t\t\t\t<\/div>\n\t\t\t\t\t\t\t\t<\/div><div class=\"testimonials-style-2 elementor-repeater-item-b58301c swiper-slide\">\n\t\t\t\t\t\t\t\t\t<div class=\"testimonial-wrap\">\t\t\t\t\t\t\t\t\t\t\t\t<img decoding=\"async\" src=\"https:\/\/granpremiomuelasdelpan.clubciclistacadalsa.es\/wp-content\/uploads\/2026\/03\/Juan-del-Canto-PP.jpg_915038275.jpg\" alt=\"Juan-del-Canto-PP.jpg_915038275\"  srcset=\"https:\/\/granpremiomuelasdelpan.clubciclistacadalsa.es\/wp-content\/uploads\/2026\/03\/Juan-del-Canto-PP.jpg_915038275.jpg 263w, https:\/\/granpremiomuelasdelpan.clubciclistacadalsa.es\/wp-content\/uploads\/2026\/03\/Juan-del-Canto-PP.jpg_915038275-237x300.jpg 237w, https:\/\/granpremiomuelasdelpan.clubciclistacadalsa.es\/wp-content\/uploads\/2026\/03\/Juan-del-Canto-PP.jpg_915038275-200x253.jpg 200w\" sizes=\"(max-width: 263px) 100vw, 263px\"  class=\"testimonial-image\" \/>\t\t\t\t\t\t\t\t\t\t\t<div class=\"testimonials-content-wrap\"><div class=\"testimonials-rounded-icon\"><i aria-hidden=\"true\" class=\"fa-solid fa-quote-left\"><\/i><\/div><div class=\"testimonial-content\"><p style=\"text-align: left\">La Diputaci\u00f3n de Zamora mantiene una apuesta firme y decidida por el deporte como motor de desarrollo social, econ\u00f3mico y territorial. Pruebas como el Trofeo Ayuntamiento de Muelas del Pan, Caja Rural de Zamora, Diputaci\u00f3n de Zamora son un claro ejemplo de c\u00f3mo el deporte trasciende lo puramente competitivo para convertirse en una herramienta de revitalizaci\u00f3n y dinamizaci\u00f3n de nuestros pueblos.<\/p><p style=\"text-align: left\">En este a\u00f1o 2026, esta hist\u00f3rica prueba ciclista vuelve a situar a la provincia de Zamora en el foco del ciclismo aficionado nacional, recorriendo parajes de enorme valor paisaj\u00edstico y patrimonial en el entorno del embalse de Ricobayo. Cada edici\u00f3n es una oportunidad para mostrar al exterior nuestros recursos naturales, tur\u00edsticos y culturales, al tiempo que se genera actividad y participaci\u00f3n en el medio rural.<\/p><p style=\"text-align: left\">Desde el \u00c1rea de Deportes trabajamos para apoyar y consolidar un amplio calendario de eventos deportivos en toda la provincia, convencidos de que estas competiciones son un gran escaparate para Zamora, tanto en el presente como en el futuro. Son iniciativas que fomentan h\u00e1bitos de vida saludables, apoyan a clubes y deportistas, y contribuyen a fijar poblaci\u00f3n y a fortalecer la imagen de una provincia viva y activa.<\/p><p style=\"text-align: left\">El \u00e9xito de esta prueba es posible gracias a la colaboraci\u00f3n entre administraciones, entidades privadas y clubes deportivos, y especialmente al trabajo del Club Ciclista Cadalsa, cuyo compromiso con el ciclismo y con la provincia merece un reconocimiento expreso.<\/p><p style=\"text-align: left\">Animo a los aficionados y a los vecinos de los pueblos por los que discurre la carrera a disfrutar de esta jornada deportiva y a seguir respaldando unas pruebas que hacen provincia y proyectan Zamora m\u00e1s all\u00e1 de nuestras fronteras.<\/p><p style=\"text-align: left\">Mi enhorabuena a la organizaci\u00f3n y mis mejores deseos a todos los participantes.<\/p><\/div><span class=\"testimonial-name\">Juan del Canto Sevillano<\/span><span class=\"testimonial-position\">Diputado de Deportes de la Diputaci\u00f3n de Zamora<\/span><\/div>\n\t\t\t\t\t\t\t\t\t<\/div>\n\t\t\t\t\t\t\t\t<\/div><div class=\"testimonials-style-2 elementor-repeater-item-448dc56 swiper-slide\">\n\t\t\t\t\t\t\t\t\t<div class=\"testimonial-wrap\">\t\t\t\t\t\t\t\t\t\t\t\t<img decoding=\"async\" src=\"https:\/\/granpremiomuelasdelpan.clubciclistacadalsa.es\/wp-content\/uploads\/2025\/03\/director-caja.jpg\" alt=\"director-caja\"  srcset=\"https:\/\/granpremiomuelasdelpan.clubciclistacadalsa.es\/wp-content\/uploads\/2025\/03\/director-caja.jpg 464w, https:\/\/granpremiomuelasdelpan.clubciclistacadalsa.es\/wp-content\/uploads\/2025\/03\/director-caja-300x413.jpg 300w, https:\/\/granpremiomuelasdelpan.clubciclistacadalsa.es\/wp-content\/uploads\/2025\/03\/director-caja-218x300.jpg 218w, https:\/\/granpremiomuelasdelpan.clubciclistacadalsa.es\/wp-content\/uploads\/2025\/03\/director-caja-200x275.jpg 200w\" sizes=\"(max-width: 464px) 100vw, 464px\"  class=\"testimonial-image\" \/>\t\t\t\t\t\t\t\t\t\t\t<div class=\"testimonials-content-wrap\"><div class=\"testimonials-rounded-icon\"><i aria-hidden=\"true\" class=\"fa-solid fa-quote-left\"><\/i><\/div><div class=\"testimonial-content\"><p style=\"text-align: left\">\u201cCAJA RURAL DE ZAMORA IMPULSA EL DEPORTE COMO MOTOR DE VALORES Y DESARROLLO DE LA PROVINCIA\u201d.<\/p><p style=\"text-align: left\">El respaldo al Trofeo de Ciclismo Muelas del Pan refleja la apuesta de la entidad por el deporte como motor social y de impulso para el territorio.<\/p><p style=\"text-align: left\">8 de marzo de 2026 - Caja Rural de Zamora mantiene una firme l\u00ednea de actuaci\u00f3n orientada al apoyo del deporte como elemento generador de cohesi\u00f3n social, desarrollo territorial y promoci\u00f3n de valores positivos en la sociedad.<\/p><p style=\"text-align: left\">Esta implicaci\u00f3n se materializa a trav\u00e9s de la colaboraci\u00f3n continuada con competiciones, entidades deportivas y eventos que contribuyen a dinamizar la vida social y econ\u00f3mica de nuestro entorno.<\/p><p style=\"text-align: left\">Dentro de este marco, el respaldo al ciclismo cobra un significado especial al estar vinculado a una prueba tan arraigada como es el Trofeo de Ciclismo Muelas del Pan, una cita que a\u00f1o tras a\u00f1o re\u00fane a ciclistas, vecinos y aficionados en torno a valores como el esfuerzo, la superaci\u00f3n y el trabajo en equipo, principios que tambi\u00e9n forman parte de la identidad de nuestra entidad.<\/p><p style=\"text-align: left\">El apoyo a esta prueba responde as\u00ed a un compromiso que va m\u00e1s all\u00e1 del patrocinio, ya que el Trofeo de Ciclismo Muelas del Pan representa una oportunidad para impulsar el deporte base, dinamizar el entorno rural y fortalecer la convivencia social, reafirmando la implicaci\u00f3n de Caja Rural de Zamora con el desarrollo y la vida de la provincia.<\/p><\/div><span class=\"testimonial-name\">Cipriano Garc\u00eda Rodr\u00edguez<\/span><span class=\"testimonial-position\">Director General de Caja Rural de Zamora<\/span><\/div>\n\t\t\t\t\t\t\t\t\t<\/div>\n\t\t\t\t\t\t\t\t<\/div><div class=\"testimonials-style-2 elementor-repeater-item-3e747c0 swiper-slide\">\n\t\t\t\t\t\t\t\t\t<div class=\"testimonial-wrap\">\t\t\t\t\t\t\t\t\t\t\t\t<img decoding=\"async\" src=\"https:\/\/granpremiomuelasdelpan.clubciclistacadalsa.es\/wp-content\/uploads\/2025\/03\/alcalde-muelas.jpg\" alt=\"alcalde-muelas\"  srcset=\"https:\/\/granpremiomuelasdelpan.clubciclistacadalsa.es\/wp-content\/uploads\/2025\/03\/alcalde-muelas.jpg 464w, https:\/\/granpremiomuelasdelpan.clubciclistacadalsa.es\/wp-content\/uploads\/2025\/03\/alcalde-muelas-300x413.jpg 300w, https:\/\/granpremiomuelasdelpan.clubciclistacadalsa.es\/wp-content\/uploads\/2025\/03\/alcalde-muelas-218x300.jpg 218w, https:\/\/granpremiomuelasdelpan.clubciclistacadalsa.es\/wp-content\/uploads\/2025\/03\/alcalde-muelas-200x275.jpg 200w\" sizes=\"(max-width: 464px) 100vw, 464px\"  class=\"testimonial-image\" \/>\t\t\t\t\t\t\t\t\t\t\t<div class=\"testimonials-content-wrap\"><div class=\"testimonials-rounded-icon\"><i aria-hidden=\"true\" class=\"fa-solid fa-quote-left\"><\/i><\/div><div class=\"testimonial-content\"><p style=\"text-align: left\">Seguir disfrutando de uno de los m\u00e1s antiguos grandes premios ciclista a nivel nacional como es este 79 trofeo para este municipio es un gran orgullo.<\/p><p style=\"text-align: left\">Una prueba ciclista de gran renombre; tan querida y valorada por el mundo ciclista, hace que trabajemos por no perderla, adapt\u00e1ndola a los nuevos tiempos.<\/p><p style=\"text-align: left\">Una mezcla perfecta donde se funden el deporte en nombre de ciclismo en todo su esplendor y el turismo de naturaleza. Esta magn\u00edfica zona entre los arribes del Duero y del Esla.<\/p><p style=\"text-align: left\">Ese peculiar terreno donde hace florecer lo mejor de los ciclistas exigi\u00e9ndoles el m\u00e1ximo.<\/p><p style=\"text-align: left\">Sin mas dar la bienvenida a todos los amantes de esta prueba deseando que este d\u00eda de ciclismo nos deje un gran premio como ha venido siendo en sus ya tan largos 79 a\u00f1os de vida.<\/p><\/div><span class=\"testimonial-name\">Luis Alberto Miguel Alonso<\/span><span class=\"testimonial-position\">Alcalde de Muelas de Pan<\/span><\/div>\n\t\t\t\t\t\t\t\t\t<\/div>\n\t\t\t\t\t\t\t\t<\/div>\t\t\t\t<\/div>\n\t\t\t\t\t\t\t\t\t\t\t\t\t\t\t<div class=\"swiper-pagination\"><\/div>\n\t\t\t\t\t\t\t\t\t\t\t\t\t\t\t\t\t\t\t\t\t\t<\/div>\n\t\t\t\t\t\t\t\t\t\t\t\t\t<\/div>\n\t\t\t\t<\/div>\n\t\t\t\t\t<\/div>\n\t\t<\/div>\n\t\t\t\t\t<\/div>\n\t\t<\/section>\n\t\t\t\t<\/div>\n\t\t","protected":false},"excerpt":{"rendered":"<p>Autoridades El que durante d\u00e9cadas fue conocido como Trofeo San Jos\u00e9 adopt\u00f3 en el a\u00f1o 2025 la denominaci\u00f3n de Trofeo Ayuntamiento de Muelas del Pan, Caja Rural de Zamora, Diputaci\u00f3n de Zamora, fruto del esfuerzo y la colaboraci\u00f3n de estas tres instituciones para garantizar la continuidad de una de las pruebas ciclistas m\u00e1s emblem\u00e1ticas del [&hellip;]<\/p>\n","protected":false},"author":1,"featured_media":0,"parent":0,"menu_order":0,"comment_status":"closed","ping_status":"closed","template":"","meta":{"footnotes":""},"class_list":["post-75908","page","type-page","status-publish","hentry"],"_links":{"self":[{"href":"https:\/\/granpremiomuelasdelpan.clubciclistacadalsa.es\/index.php\/wp-json\/wp\/v2\/pages\/75908","targetHints":{"allow":["GET"]}}],"collection":[{"href":"https:\/\/granpremiomuelasdelpan.clubciclistacadalsa.es\/index.php\/wp-json\/wp\/v2\/pages"}],"about":[{"href":"https:\/\/granpremiomuelasdelpan.clubciclistacadalsa.es\/index.php\/wp-json\/wp\/v2\/types\/page"}],"author":[{"embeddable":true,"href":"https:\/\/granpremiomuelasdelpan.clubciclistacadalsa.es\/index.php\/wp-json\/wp\/v2\/users\/1"}],"replies":[{"embeddable":true,"href":"https:\/\/granpremiomuelasdelpan.clubciclistacadalsa.es\/index.php\/wp-json\/wp\/v2\/comments?post=75908"}],"version-history":[{"count":10,"href":"https:\/\/granpremiomuelasdelpan.clubciclistacadalsa.es\/index.php\/wp-json\/wp\/v2\/pages\/75908\/revisions"}],"predecessor-version":[{"id":75935,"href":"https:\/\/granpremiomuelasdelpan.clubciclistacadalsa.es\/index.php\/wp-json\/wp\/v2\/pages\/75908\/revisions\/75935"}],"wp:attachment":[{"href":"https:\/\/granpremiomuelasdelpan.clubciclistacadalsa.es\/index.php\/wp-json\/wp\/v2\/media?parent=75908"}],"curies":[{"name":"wp","href":"https:\/\/api.w.org\/{rel}","templated":true}]}}