{"id":75792,"date":"2025-03-19T19:14:17","date_gmt":"2025-03-19T18:14:17","guid":{"rendered":"https:\/\/granpremiomuelasdelpan.clubciclistacadalsa.es\/?page_id=75792"},"modified":"2026-03-09T10:57:31","modified_gmt":"2026-03-09T09:57:31","slug":"clasificacion","status":"publish","type":"page","link":"https:\/\/granpremiomuelasdelpan.clubciclistacadalsa.es\/index.php\/clasificacion\/","title":{"rendered":"Clasificaci\u00f3n"},"content":{"rendered":"\t\t<div data-elementor-type=\"wp-page\" data-elementor-id=\"75792\" class=\"elementor elementor-75792\">\n\t\t\t\t\t\t<section class=\"elementor-section elementor-top-section elementor-element elementor-element-6306990 elementor-section-boxed elementor-section-height-default elementor-section-height-default\" data-id=\"6306990\" data-element_type=\"section\">\n\t\t\t\t\t\t<div class=\"elementor-container elementor-column-gap-default\">\n\t\t\t\t\t<div class=\" elementor-column elementor-col-100 elementor-top-column elementor-element elementor-element-e04c3c9\" data-fullscreen-column-settings=\"{&quot;fullscreen&quot;:&quot;&quot;}\" data-id=\"e04c3c9\" data-element_type=\"column\">\n\t\t\t<div class=\"elementor-widget-wrap elementor-element-populated\">\n\t\t\t\t\t\t<div class=\"elementor-element elementor-element-92392d7 elementor-widget elementor-widget-litho-heading\" data-id=\"92392d7\" data-element_type=\"widget\" data-widget_type=\"litho-heading.default\">\n\t\t\t\t<div class=\"elementor-widget-container\">\n\t\t\t\t\t<h4 class=\"litho-heading elementor-size-default\"><span class=\"litho-primary-title\">Clasificaci\u00f3n<\/span><\/h4>\t\t\t\t<\/div>\n\t\t\t\t<\/div>\n\t\t\t\t<div class=\"elementor-element elementor-element-b2f954b elementor-widget elementor-widget-html\" data-id=\"b2f954b\" data-element_type=\"widget\" data-widget_type=\"html.default\">\n\t\t\t\t<div class=\"elementor-widget-container\">\n\t\t\t\t\t<iframe src=\"https:\/\/www.cronosportradio.es\/g-live\/g-live.html?f=..\/RESULTADOS26\/ZAMORA26\/ZAMORA.clax\" height=\"1000\"><\/iframe>\t\t\t\t<\/div>\n\t\t\t\t<\/div>\n\t\t\t\t<div class=\"elementor-element elementor-element-bc72479 elementor-hidden-desktop elementor-hidden-tablet elementor-hidden-mobile elementor-widget elementor-widget-html\" data-id=\"bc72479\" data-element_type=\"widget\" data-widget_type=\"html.default\">\n\t\t\t\t<div class=\"elementor-widget-container\">\n\t\t\t\t\t<iframe \r\n    src=\"https:\/\/elpeloton.net\/widgets\/clasificacion.php?c=2062\" \r\n    width=\"100%\" \r\n    height=\"3000\" \r\n    frameborder=\"0\" \r\n    scrolling=\"auto\" \r\n    style=\"border: 1px solid #ccc; border-radius: 8px;\">\r\n<\/iframe>\r\n\t\t\t\t<\/div>\n\t\t\t\t<\/div>\n\t\t\t\t\t<\/div>\n\t\t<\/div>\n\t\t\t\t\t<\/div>\n\t\t<\/section>\n\t\t\t\t<section class=\"elementor-section elementor-top-section elementor-element elementor-element-29f1f49 elementor-hidden-desktop elementor-hidden-tablet elementor-hidden-mobile elementor-section-boxed elementor-section-height-default elementor-section-height-default\" data-id=\"29f1f49\" data-element_type=\"section\">\n\t\t\t\t\t\t<div class=\"elementor-container elementor-column-gap-default\">\n\t\t\t\t\t<div class=\" elementor-column elementor-col-100 elementor-top-column elementor-element elementor-element-b9fe256\" data-fullscreen-column-settings=\"{&quot;fullscreen&quot;:&quot;&quot;}\" data-id=\"b9fe256\" data-element_type=\"column\">\n\t\t\t<div class=\"elementor-widget-wrap elementor-element-populated\">\n\t\t\t\t\t\t<div class=\"elementor-element elementor-element-175b550 elementor-widget elementor-widget-litho-heading\" data-id=\"175b550\" data-element_type=\"widget\" data-widget_type=\"litho-heading.default\">\n\t\t\t\t<div class=\"elementor-widget-container\">\n\t\t\t\t\t<h4 class=\"litho-heading elementor-size-default\"><span class=\"litho-primary-title\">Clasificaci\u00f3n por equipos<\/span><\/h4>\t\t\t\t<\/div>\n\t\t\t\t<\/div>\n\t\t\t\t<div class=\"elementor-element elementor-element-7ab1f9a elementor-widget elementor-widget-html\" data-id=\"7ab1f9a\" data-element_type=\"widget\" data-widget_type=\"html.default\">\n\t\t\t\t<div class=\"elementor-widget-container\">\n\t\t\t\t\t<iframe \r\n    src=\"https:\/\/elpeloton.net\/widgets\/equipos.php?c=2062\" \r\n    width=\"100%\" \r\n    height=\"400\" \r\n    frameborder=\"0\" \r\n    scrolling=\"auto\" \r\n    style=\"border: 1px solid #ccc; border-radius: 8px;\">\r\n<\/iframe>\r\n\t\t\t\t<\/div>\n\t\t\t\t<\/div>\n\t\t\t\t\t<\/div>\n\t\t<\/div>\n\t\t\t\t\t<\/div>\n\t\t<\/section>\n\t\t\t\t<section class=\"elementor-section elementor-top-section elementor-element elementor-element-57b0e08 elementor-hidden-desktop elementor-hidden-tablet elementor-hidden-mobile elementor-section-boxed elementor-section-height-default elementor-section-height-default\" data-id=\"57b0e08\" data-element_type=\"section\">\n\t\t\t\t\t\t<div class=\"elementor-container elementor-column-gap-default\">\n\t\t\t\t\t<div class=\" elementor-column elementor-col-50 elementor-top-column elementor-element elementor-element-ebc7efb\" data-fullscreen-column-settings=\"{&quot;fullscreen&quot;:&quot;&quot;}\" data-id=\"ebc7efb\" data-element_type=\"column\">\n\t\t\t<div class=\"elementor-widget-wrap elementor-element-populated\">\n\t\t\t\t\t\t<div class=\"elementor-element elementor-element-c052c6f elementor-widget elementor-widget-litho-heading\" data-id=\"c052c6f\" data-element_type=\"widget\" data-widget_type=\"litho-heading.default\">\n\t\t\t\t<div class=\"elementor-widget-container\">\n\t\t\t\t\t<h4 class=\"litho-heading elementor-size-default\"><span class=\"litho-primary-title\">Monta\u00f1a<\/span><\/h4>\t\t\t\t<\/div>\n\t\t\t\t<\/div>\n\t\t\t\t<div class=\"elementor-element elementor-element-f0dc8e6 elementor-widget elementor-widget-text-editor\" data-id=\"f0dc8e6\" data-element_type=\"widget\" data-widget_type=\"text-editor.default\">\n\t\t\t\t<div class=\"elementor-widget-container\">\n\t\t\t\t\t\t\t\t\t<iframe style=\"border: 1px solid #ccc; border-radius: 8px;\" src=\"https:\/\/elpeloton.net\/widgets\/widget_clasif_sec.php?c=2062&amp;t=montana&amp;e=0&amp;cat=0\" width=\"100%\" height=\"400\" frameborder=\"0\" scrolling=\"auto\"><span data-mce-type=\"bookmark\" style=\"display: inline-block; width: 0px; overflow: hidden; line-height: 0;\" class=\"mce_SELRES_start\">\ufeff<\/span>\n<\/iframe>\t\t\t\t\t\t\t\t<\/div>\n\t\t\t\t<\/div>\n\t\t\t\t<div class=\"elementor-element elementor-element-6b073be elementor-widget elementor-widget-text-editor\" data-id=\"6b073be\" data-element_type=\"widget\" data-widget_type=\"text-editor.default\">\n\t\t\t\t<div class=\"elementor-widget-container\">\n\t\t\t\t\t\t\t\t\t<p><img fetchpriority=\"high\" decoding=\"async\" class=\"alignnone size-full wp-image-75806\" src=\"https:\/\/granpremiomuelasdelpan.clubciclistacadalsa.es\/wp-content\/uploads\/2025\/03\/montana-muelas.webp\" alt=\"\" width=\"625\" height=\"658\" srcset=\"https:\/\/granpremiomuelasdelpan.clubciclistacadalsa.es\/wp-content\/uploads\/2025\/03\/montana-muelas.webp 625w, https:\/\/granpremiomuelasdelpan.clubciclistacadalsa.es\/wp-content\/uploads\/2025\/03\/montana-muelas-285x300.webp 285w, https:\/\/granpremiomuelasdelpan.clubciclistacadalsa.es\/wp-content\/uploads\/2025\/03\/montana-muelas-200x211.webp 200w, https:\/\/granpremiomuelasdelpan.clubciclistacadalsa.es\/wp-content\/uploads\/2025\/03\/montana-muelas-300x316.webp 300w, https:\/\/granpremiomuelasdelpan.clubciclistacadalsa.es\/wp-content\/uploads\/2025\/03\/montana-muelas-600x632.webp 600w\" sizes=\"(max-width: 625px) 100vw, 625px\" \/><\/p>\t\t\t\t\t\t\t\t<\/div>\n\t\t\t\t<\/div>\n\t\t\t\t\t<\/div>\n\t\t<\/div>\n\t\t\t\t<div class=\" elementor-column elementor-col-50 elementor-top-column elementor-element elementor-element-c8ada26\" data-fullscreen-column-settings=\"{&quot;fullscreen&quot;:&quot;&quot;}\" data-id=\"c8ada26\" data-element_type=\"column\">\n\t\t\t<div class=\"elementor-widget-wrap elementor-element-populated\">\n\t\t\t\t\t\t<div class=\"elementor-element elementor-element-af086db elementor-widget elementor-widget-litho-heading\" data-id=\"af086db\" data-element_type=\"widget\" data-widget_type=\"litho-heading.default\">\n\t\t\t\t<div class=\"elementor-widget-container\">\n\t\t\t\t\t<h4 class=\"litho-heading elementor-size-default\"><span class=\"litho-primary-title\">Metas Volantes<\/span><\/h4>\t\t\t\t<\/div>\n\t\t\t\t<\/div>\n\t\t\t\t<div class=\"elementor-element elementor-element-8200714 elementor-widget elementor-widget-text-editor\" data-id=\"8200714\" data-element_type=\"widget\" data-widget_type=\"text-editor.default\">\n\t\t\t\t<div class=\"elementor-widget-container\">\n\t\t\t\t\t\t\t\t\t<iframe style=\"border: 1px solid #ccc; border-radius: 8px;\" src=\"https:\/\/elpeloton.net\/widgets\/widget_clasif_sec.php?c=2062&amp;t=metas_volantes&amp;e=0&amp;cat=0\" width=\"100%\" height=\"400\" frameborder=\"0\" scrolling=\"auto\"><span data-mce-type=\"bookmark\" style=\"display: inline-block; width: 0px; overflow: hidden; line-height: 0;\" class=\"mce_SELRES_start\">\ufeff<\/span>\n<\/iframe>\t\t\t\t\t\t\t\t<\/div>\n\t\t\t\t<\/div>\n\t\t\t\t<div class=\"elementor-element elementor-element-dd5dc77 elementor-widget elementor-widget-text-editor\" data-id=\"dd5dc77\" data-element_type=\"widget\" data-widget_type=\"text-editor.default\">\n\t\t\t\t<div class=\"elementor-widget-container\">\n\t\t\t\t\t\t\t\t\t<p><img decoding=\"async\" class=\"alignnone size-full wp-image-75805\" src=\"https:\/\/granpremiomuelasdelpan.clubciclistacadalsa.es\/wp-content\/uploads\/2025\/03\/metas-muelas.webp\" alt=\"\" width=\"618\" height=\"334\" srcset=\"https:\/\/granpremiomuelasdelpan.clubciclistacadalsa.es\/wp-content\/uploads\/2025\/03\/metas-muelas.webp 618w, https:\/\/granpremiomuelasdelpan.clubciclistacadalsa.es\/wp-content\/uploads\/2025\/03\/metas-muelas-300x162.webp 300w, https:\/\/granpremiomuelasdelpan.clubciclistacadalsa.es\/wp-content\/uploads\/2025\/03\/metas-muelas-200x108.webp 200w, https:\/\/granpremiomuelasdelpan.clubciclistacadalsa.es\/wp-content\/uploads\/2025\/03\/metas-muelas-600x324.webp 600w\" sizes=\"(max-width: 618px) 100vw, 618px\" \/><\/p>\t\t\t\t\t\t\t\t<\/div>\n\t\t\t\t<\/div>\n\t\t\t\t\t<\/div>\n\t\t<\/div>\n\t\t\t\t\t<\/div>\n\t\t<\/section>\n\t\t\t\t<\/div>\n\t\t","protected":false},"excerpt":{"rendered":"<p>Clasificaci\u00f3n Clasificaci\u00f3n por equipos Monta\u00f1a \ufeff Metas Volantes \ufeff<\/p>\n","protected":false},"author":1,"featured_media":0,"parent":0,"menu_order":0,"comment_status":"closed","ping_status":"closed","template":"","meta":{"footnotes":""},"class_list":["post-75792","page","type-page","status-publish","hentry"],"_links":{"self":[{"href":"https:\/\/granpremiomuelasdelpan.clubciclistacadalsa.es\/index.php\/wp-json\/wp\/v2\/pages\/75792","targetHints":{"allow":["GET"]}}],"collection":[{"href":"https:\/\/granpremiomuelasdelpan.clubciclistacadalsa.es\/index.php\/wp-json\/wp\/v2\/pages"}],"about":[{"href":"https:\/\/granpremiomuelasdelpan.clubciclistacadalsa.es\/index.php\/wp-json\/wp\/v2\/types\/page"}],"author":[{"embeddable":true,"href":"https:\/\/granpremiomuelasdelpan.clubciclistacadalsa.es\/index.php\/wp-json\/wp\/v2\/users\/1"}],"replies":[{"embeddable":true,"href":"https:\/\/granpremiomuelasdelpan.clubciclistacadalsa.es\/index.php\/wp-json\/wp\/v2\/comments?post=75792"}],"version-history":[{"count":34,"href":"https:\/\/granpremiomuelasdelpan.clubciclistacadalsa.es\/index.php\/wp-json\/wp\/v2\/pages\/75792\/revisions"}],"predecessor-version":[{"id":75947,"href":"https:\/\/granpremiomuelasdelpan.clubciclistacadalsa.es\/index.php\/wp-json\/wp\/v2\/pages\/75792\/revisions\/75947"}],"wp:attachment":[{"href":"https:\/\/granpremiomuelasdelpan.clubciclistacadalsa.es\/index.php\/wp-json\/wp\/v2\/media?parent=75792"}],"curies":[{"name":"wp","href":"https:\/\/api.w.org\/{rel}","templated":true}]}}